{"id":6935,"date":"2024-07-29T14:48:51","date_gmt":"2024-07-29T14:48:51","guid":{"rendered":"https:\/\/www2.cosmichouse.foundation\/our-team\/"},"modified":"2024-07-30T10:33:46","modified_gmt":"2024-07-30T10:33:46","slug":"our-team","status":"publish","type":"page","link":"https:\/\/cosmichouse.foundation\/en\/our-team\/","title":{"rendered":"Our team"},"content":{"rendered":"<div class=\"gb-container gb-container-a3b1f35b\">\n\n<div class=\"wp-block-columns is-layout-flex wp-container-core-columns-is-layout-9d6595d7 wp-block-columns-is-layout-flex\">\n<div class=\"wp-block-column is-layout-flow wp-block-column-is-layout-flow\">\n<div class=\"wp-block-media-text is-stacked-on-mobile\"><figure class=\"wp-block-media-text__media\"><img fetchpriority=\"high\" decoding=\"async\" width=\"1024\" height=\"1024\" src=\"https:\/\/cosmichouse.foundation\/wp-content\/uploads\/2024\/07\/Untitled-Project-5-1024x1024.jpg\" alt=\"\" class=\"wp-image-6943 size-full\" srcset=\"https:\/\/cosmichouse.foundation\/wp-content\/uploads\/2024\/07\/Untitled-Project-5-1024x1024.jpg 1024w, https:\/\/cosmichouse.foundation\/wp-content\/uploads\/2024\/07\/Untitled-Project-5-300x300.jpg 300w, https:\/\/cosmichouse.foundation\/wp-content\/uploads\/2024\/07\/Untitled-Project-5-150x150.jpg 150w, https:\/\/cosmichouse.foundation\/wp-content\/uploads\/2024\/07\/Untitled-Project-5-768x768.jpg 768w, https:\/\/cosmichouse.foundation\/wp-content\/uploads\/2024\/07\/Untitled-Project-5.jpg 1080w\" sizes=\"(max-width: 1024px) 100vw, 1024px\" \/><\/figure><div class=\"wp-block-media-text__content\">\n<p class=\"has-small-font-size\"><strong>Bogdan G\u00e2nsc\u0103<\/strong><br\/><em>co-founder<\/em><\/p>\n<\/div><\/div>\n\n\n\n<div class=\"wp-block-media-text is-stacked-on-mobile\"><figure class=\"wp-block-media-text__media\"><img decoding=\"async\" width=\"1024\" height=\"1024\" src=\"https:\/\/cosmichouse.foundation\/wp-content\/uploads\/2024\/07\/Antal-1024x1024.jpg\" alt=\"\" class=\"wp-image-6891 size-full\" srcset=\"https:\/\/cosmichouse.foundation\/wp-content\/uploads\/2024\/07\/Antal-1024x1024.jpg 1024w, https:\/\/cosmichouse.foundation\/wp-content\/uploads\/2024\/07\/Antal-300x300.jpg 300w, https:\/\/cosmichouse.foundation\/wp-content\/uploads\/2024\/07\/Antal-150x150.jpg 150w, https:\/\/cosmichouse.foundation\/wp-content\/uploads\/2024\/07\/Antal-768x768.jpg 768w, https:\/\/cosmichouse.foundation\/wp-content\/uploads\/2024\/07\/Antal-1536x1536.jpg 1536w, https:\/\/cosmichouse.foundation\/wp-content\/uploads\/2024\/07\/Antal.jpg 2016w\" sizes=\"(max-width: 1024px) 100vw, 1024px\" \/><\/figure><div class=\"wp-block-media-text__content\">\n<p class=\"has-small-font-size\"><strong>Robert &#8211; Eduard Antal<\/strong><br\/><em>co-founder<\/em><\/p>\n<\/div><\/div>\n\n\n\n<div class=\"wp-block-media-text is-stacked-on-mobile\"><figure class=\"wp-block-media-text__media\"><img decoding=\"async\" width=\"1024\" height=\"1024\" src=\"https:\/\/cosmichouse.foundation\/wp-content\/uploads\/2024\/07\/costin-2-1024x1024.jpg\" alt=\"\" class=\"wp-image-6899 size-full\" srcset=\"https:\/\/cosmichouse.foundation\/wp-content\/uploads\/2024\/07\/costin-2-1024x1024.jpg 1024w, https:\/\/cosmichouse.foundation\/wp-content\/uploads\/2024\/07\/costin-2-300x300.jpg 300w, https:\/\/cosmichouse.foundation\/wp-content\/uploads\/2024\/07\/costin-2-150x150.jpg 150w, https:\/\/cosmichouse.foundation\/wp-content\/uploads\/2024\/07\/costin-2-768x768.jpg 768w, https:\/\/cosmichouse.foundation\/wp-content\/uploads\/2024\/07\/costin-2.jpg 1080w\" sizes=\"(max-width: 1024px) 100vw, 1024px\" \/><\/figure><div class=\"wp-block-media-text__content\">\n<p class=\"has-small-font-size\"><strong>Tudor Costin<\/strong><br\/><em>curatorial manager<\/em><\/p>\n<\/div><\/div>\n<\/div>\n\n\n\n<div class=\"wp-block-column is-layout-flow wp-block-column-is-layout-flow\">\n<div class=\"wp-block-media-text is-stacked-on-mobile\"><figure class=\"wp-block-media-text__media\"><img loading=\"lazy\" decoding=\"async\" width=\"1024\" height=\"1024\" src=\"https:\/\/cosmichouse.foundation\/wp-content\/uploads\/2024\/07\/Untitled-Project-14-1024x1024.jpg\" alt=\"\" class=\"wp-image-6916 size-full\" srcset=\"https:\/\/cosmichouse.foundation\/wp-content\/uploads\/2024\/07\/Untitled-Project-14-1024x1024.jpg 1024w, https:\/\/cosmichouse.foundation\/wp-content\/uploads\/2024\/07\/Untitled-Project-14-300x300.jpg 300w, https:\/\/cosmichouse.foundation\/wp-content\/uploads\/2024\/07\/Untitled-Project-14-150x150.jpg 150w, https:\/\/cosmichouse.foundation\/wp-content\/uploads\/2024\/07\/Untitled-Project-14-768x768.jpg 768w, https:\/\/cosmichouse.foundation\/wp-content\/uploads\/2024\/07\/Untitled-Project-14.jpg 1080w\" sizes=\"(max-width: 1024px) 100vw, 1024px\" \/><\/figure><div class=\"wp-block-media-text__content\">\n<p class=\"has-small-font-size\"><strong>Alexandra B\u0103ie\u0219<\/strong><br\/><em>co-founder<\/em><\/p>\n<\/div><\/div>\n\n\n\n<div class=\"wp-block-media-text is-stacked-on-mobile\"><figure class=\"wp-block-media-text__media\"><img loading=\"lazy\" decoding=\"async\" width=\"1024\" height=\"1024\" src=\"https:\/\/cosmichouse.foundation\/wp-content\/uploads\/2024\/07\/Bocirnea-1024x1024.jpg\" alt=\"\" class=\"wp-image-6893 size-full\" srcset=\"https:\/\/cosmichouse.foundation\/wp-content\/uploads\/2024\/07\/Bocirnea-1024x1024.jpg 1024w, https:\/\/cosmichouse.foundation\/wp-content\/uploads\/2024\/07\/Bocirnea-300x300.jpg 300w, https:\/\/cosmichouse.foundation\/wp-content\/uploads\/2024\/07\/Bocirnea-150x150.jpg 150w, https:\/\/cosmichouse.foundation\/wp-content\/uploads\/2024\/07\/Bocirnea-768x768.jpg 768w, https:\/\/cosmichouse.foundation\/wp-content\/uploads\/2024\/07\/Bocirnea-1536x1536.jpg 1536w, https:\/\/cosmichouse.foundation\/wp-content\/uploads\/2024\/07\/Bocirnea.jpg 1600w\" sizes=\"(max-width: 1024px) 100vw, 1024px\" \/><\/figure><div class=\"wp-block-media-text__content\">\n<p class=\"has-small-font-size\"><strong>C\u0103t\u0103lin Boc\u00eernea<\/strong><br\/><em>creative director<\/em><\/p>\n<\/div><\/div>\n\n\n\n<div class=\"wp-block-media-text is-stacked-on-mobile\"><figure class=\"wp-block-media-text__media\"><img loading=\"lazy\" decoding=\"async\" width=\"1024\" height=\"1024\" src=\"https:\/\/cosmichouse.foundation\/wp-content\/uploads\/2024\/07\/Untitled-Project-12-1024x1024.jpg\" alt=\"\" class=\"wp-image-6901 size-full\" srcset=\"https:\/\/cosmichouse.foundation\/wp-content\/uploads\/2024\/07\/Untitled-Project-12-1024x1024.jpg 1024w, https:\/\/cosmichouse.foundation\/wp-content\/uploads\/2024\/07\/Untitled-Project-12-300x300.jpg 300w, https:\/\/cosmichouse.foundation\/wp-content\/uploads\/2024\/07\/Untitled-Project-12-150x150.jpg 150w, https:\/\/cosmichouse.foundation\/wp-content\/uploads\/2024\/07\/Untitled-Project-12-768x768.jpg 768w, https:\/\/cosmichouse.foundation\/wp-content\/uploads\/2024\/07\/Untitled-Project-12.jpg 1080w\" sizes=\"(max-width: 1024px) 100vw, 1024px\" \/><\/figure><div class=\"wp-block-media-text__content\">\n<p class=\"has-small-font-size\"><strong>Claudiu Lupea<\/strong><br\/><em>facilities technician<\/em><\/p>\n<\/div><\/div>\n<\/div>\n\n\n\n<div class=\"wp-block-column is-layout-flow wp-block-column-is-layout-flow\">\n<div class=\"wp-block-media-text is-stacked-on-mobile\"><figure class=\"wp-block-media-text__media\"><img loading=\"lazy\" decoding=\"async\" width=\"840\" height=\"840\" src=\"https:\/\/cosmichouse.foundation\/wp-content\/uploads\/2024\/07\/Hunor.jpg\" alt=\"\" class=\"wp-image-6889 size-full\" srcset=\"https:\/\/cosmichouse.foundation\/wp-content\/uploads\/2024\/07\/Hunor.jpg 840w, https:\/\/cosmichouse.foundation\/wp-content\/uploads\/2024\/07\/Hunor-300x300.jpg 300w, https:\/\/cosmichouse.foundation\/wp-content\/uploads\/2024\/07\/Hunor-150x150.jpg 150w, https:\/\/cosmichouse.foundation\/wp-content\/uploads\/2024\/07\/Hunor-768x768.jpg 768w\" sizes=\"(max-width: 840px) 100vw, 840px\" \/><\/figure><div class=\"wp-block-media-text__content\">\n<p class=\"has-small-font-size\"><strong>Debreceni Raynhold &#8211; Hunor<\/strong><br\/><em>co-founder<\/em><\/p>\n<\/div><\/div>\n\n\n\n<div class=\"wp-block-media-text is-stacked-on-mobile\"><figure class=\"wp-block-media-text__media\"><img loading=\"lazy\" decoding=\"async\" width=\"1019\" height=\"1024\" src=\"https:\/\/cosmichouse.foundation\/wp-content\/uploads\/2024\/07\/60c1153f-8472-4d1b-bda4-d200ff22f0c2.jpeg\" alt=\"\" class=\"wp-image-6947 size-full\" srcset=\"https:\/\/cosmichouse.foundation\/wp-content\/uploads\/2024\/07\/60c1153f-8472-4d1b-bda4-d200ff22f0c2.jpeg 1019w, https:\/\/cosmichouse.foundation\/wp-content\/uploads\/2024\/07\/60c1153f-8472-4d1b-bda4-d200ff22f0c2-300x300.jpeg 300w, https:\/\/cosmichouse.foundation\/wp-content\/uploads\/2024\/07\/60c1153f-8472-4d1b-bda4-d200ff22f0c2-150x150.jpeg 150w, https:\/\/cosmichouse.foundation\/wp-content\/uploads\/2024\/07\/60c1153f-8472-4d1b-bda4-d200ff22f0c2-768x772.jpeg 768w\" sizes=\"(max-width: 1019px) 100vw, 1019px\" \/><\/figure><div class=\"wp-block-media-text__content\">\n<p class=\"has-small-font-size\"><strong>\u0218tefan Aganencei<\/strong><br\/><em>creative writer<\/em><\/p>\n<\/div><\/div>\n\n\n\n<div class=\"wp-block-media-text is-stacked-on-mobile\"><figure class=\"wp-block-media-text__media\"><img loading=\"lazy\" decoding=\"async\" width=\"1024\" height=\"1024\" src=\"https:\/\/cosmichouse.foundation\/wp-content\/uploads\/2024\/07\/Untitled-Project-13-1024x1024.jpg\" alt=\"\" class=\"wp-image-6905 size-full\" srcset=\"https:\/\/cosmichouse.foundation\/wp-content\/uploads\/2024\/07\/Untitled-Project-13-1024x1024.jpg 1024w, https:\/\/cosmichouse.foundation\/wp-content\/uploads\/2024\/07\/Untitled-Project-13-300x300.jpg 300w, https:\/\/cosmichouse.foundation\/wp-content\/uploads\/2024\/07\/Untitled-Project-13-150x150.jpg 150w, https:\/\/cosmichouse.foundation\/wp-content\/uploads\/2024\/07\/Untitled-Project-13-768x768.jpg 768w, https:\/\/cosmichouse.foundation\/wp-content\/uploads\/2024\/07\/Untitled-Project-13.jpg 1080w\" sizes=\"(max-width: 1024px) 100vw, 1024px\" \/><\/figure><div class=\"wp-block-media-text__content\">\n<p class=\"has-small-font-size\"><strong>Adina Oros<\/strong><br\/><em>web developer<\/em><\/p>\n<\/div><\/div>\n<\/div>\n<\/div>\n\n<\/div>\n<p><\/p>\n","protected":false},"excerpt":{"rendered":"","protected":false},"author":1,"featured_media":0,"parent":0,"menu_order":0,"comment_status":"closed","ping_status":"closed","template":"","meta":{"_acf_changed":false,"inline_featured_image":false,"footnotes":""},"class_list":["post-6935","page","type-page","status-publish"],"acf":[],"yoast_head":"<!-- This site is optimized with the Yoast SEO plugin v27.6 - https:\/\/yoast.com\/product\/yoast-seo-wordpress\/ -->\n<title>Our team - Cosmic House Foundation<\/title>\n<meta name=\"robots\" content=\"index, follow, max-snippet:-1, max-image-preview:large, max-video-preview:-1\" \/>\n<link rel=\"canonical\" href=\"https:\/\/cosmichouse.foundation\/en\/our-team\/\" \/>\n<meta property=\"og:locale\" content=\"en_US\" \/>\n<meta property=\"og:type\" content=\"article\" \/>\n<meta property=\"og:title\" content=\"Our team - Cosmic House Foundation\" \/>\n<meta property=\"og:url\" content=\"https:\/\/cosmichouse.foundation\/en\/our-team\/\" \/>\n<meta property=\"og:site_name\" content=\"Cosmic House Foundation\" \/>\n<meta property=\"article:modified_time\" content=\"2024-07-30T10:33:46+00:00\" \/>\n<meta property=\"og:image\" content=\"https:\/\/cosmichouse.foundation\/wp-content\/uploads\/2024\/07\/Untitled-Project-5-1024x1024.jpg\" \/>\n<meta name=\"twitter:card\" content=\"summary_large_image\" \/>\n<script type=\"application\/ld+json\" class=\"yoast-schema-graph\">{\"@context\":\"https:\\\/\\\/schema.org\",\"@graph\":[{\"@type\":\"WebPage\",\"@id\":\"https:\\\/\\\/cosmichouse.foundation\\\/en\\\/our-team\\\/\",\"url\":\"https:\\\/\\\/cosmichouse.foundation\\\/en\\\/our-team\\\/\",\"name\":\"Our team - Cosmic House Foundation\",\"isPartOf\":{\"@id\":\"https:\\\/\\\/cosmichouse.foundation\\\/en\\\/#website\"},\"primaryImageOfPage\":{\"@id\":\"https:\\\/\\\/cosmichouse.foundation\\\/en\\\/our-team\\\/#primaryimage\"},\"image\":{\"@id\":\"https:\\\/\\\/cosmichouse.foundation\\\/en\\\/our-team\\\/#primaryimage\"},\"thumbnailUrl\":\"https:\\\/\\\/cosmichouse.foundation\\\/wp-content\\\/uploads\\\/2024\\\/07\\\/Untitled-Project-5-1024x1024.jpg\",\"datePublished\":\"2024-07-29T14:48:51+00:00\",\"dateModified\":\"2024-07-30T10:33:46+00:00\",\"breadcrumb\":{\"@id\":\"https:\\\/\\\/cosmichouse.foundation\\\/en\\\/our-team\\\/#breadcrumb\"},\"inLanguage\":\"en-US\",\"potentialAction\":[{\"@type\":\"ReadAction\",\"target\":[\"https:\\\/\\\/cosmichouse.foundation\\\/en\\\/our-team\\\/\"]}]},{\"@type\":\"ImageObject\",\"inLanguage\":\"en-US\",\"@id\":\"https:\\\/\\\/cosmichouse.foundation\\\/en\\\/our-team\\\/#primaryimage\",\"url\":\"https:\\\/\\\/cosmichouse.foundation\\\/wp-content\\\/uploads\\\/2024\\\/07\\\/Untitled-Project-5-1024x1024.jpg\",\"contentUrl\":\"https:\\\/\\\/cosmichouse.foundation\\\/wp-content\\\/uploads\\\/2024\\\/07\\\/Untitled-Project-5-1024x1024.jpg\"},{\"@type\":\"BreadcrumbList\",\"@id\":\"https:\\\/\\\/cosmichouse.foundation\\\/en\\\/our-team\\\/#breadcrumb\",\"itemListElement\":[{\"@type\":\"ListItem\",\"position\":1,\"name\":\"Prima pagin\u0103\",\"item\":\"https:\\\/\\\/cosmichouse.foundation\\\/en\\\/\"},{\"@type\":\"ListItem\",\"position\":2,\"name\":\"Our team\"}]},{\"@type\":\"WebSite\",\"@id\":\"https:\\\/\\\/cosmichouse.foundation\\\/en\\\/#website\",\"url\":\"https:\\\/\\\/cosmichouse.foundation\\\/en\\\/\",\"name\":\"Cosmic House Foundation\",\"description\":\"\",\"publisher\":{\"@id\":\"https:\\\/\\\/cosmichouse.foundation\\\/en\\\/#organization\"},\"potentialAction\":[{\"@type\":\"SearchAction\",\"target\":{\"@type\":\"EntryPoint\",\"urlTemplate\":\"https:\\\/\\\/cosmichouse.foundation\\\/en\\\/?s={search_term_string}\"},\"query-input\":{\"@type\":\"PropertyValueSpecification\",\"valueRequired\":true,\"valueName\":\"search_term_string\"}}],\"inLanguage\":\"en-US\"},{\"@type\":\"Organization\",\"@id\":\"https:\\\/\\\/cosmichouse.foundation\\\/en\\\/#organization\",\"name\":\"Cosmic House Foundation\",\"url\":\"https:\\\/\\\/cosmichouse.foundation\\\/en\\\/\",\"logo\":{\"@type\":\"ImageObject\",\"inLanguage\":\"en-US\",\"@id\":\"https:\\\/\\\/cosmichouse.foundation\\\/en\\\/#\\\/schema\\\/logo\\\/image\\\/\",\"url\":\"https:\\\/\\\/cosmichouse.foundation\\\/wp-content\\\/uploads\\\/2023\\\/07\\\/ch_foundation.svg\",\"contentUrl\":\"https:\\\/\\\/cosmichouse.foundation\\\/wp-content\\\/uploads\\\/2023\\\/07\\\/ch_foundation.svg\",\"caption\":\"Cosmic House Foundation\"},\"image\":{\"@id\":\"https:\\\/\\\/cosmichouse.foundation\\\/en\\\/#\\\/schema\\\/logo\\\/image\\\/\"}}]}<\/script>\n<!-- \/ Yoast SEO plugin. -->","yoast_head_json":{"title":"Our team - Cosmic House Foundation","robots":{"index":"index","follow":"follow","max-snippet":"max-snippet:-1","max-image-preview":"max-image-preview:large","max-video-preview":"max-video-preview:-1"},"canonical":"https:\/\/cosmichouse.foundation\/en\/our-team\/","og_locale":"en_US","og_type":"article","og_title":"Our team - Cosmic House Foundation","og_url":"https:\/\/cosmichouse.foundation\/en\/our-team\/","og_site_name":"Cosmic House Foundation","article_modified_time":"2024-07-30T10:33:46+00:00","og_image":[{"url":"https:\/\/cosmichouse.foundation\/wp-content\/uploads\/2024\/07\/Untitled-Project-5-1024x1024.jpg","type":"","width":"","height":""}],"twitter_card":"summary_large_image","schema":{"@context":"https:\/\/schema.org","@graph":[{"@type":"WebPage","@id":"https:\/\/cosmichouse.foundation\/en\/our-team\/","url":"https:\/\/cosmichouse.foundation\/en\/our-team\/","name":"Our team - Cosmic House Foundation","isPartOf":{"@id":"https:\/\/cosmichouse.foundation\/en\/#website"},"primaryImageOfPage":{"@id":"https:\/\/cosmichouse.foundation\/en\/our-team\/#primaryimage"},"image":{"@id":"https:\/\/cosmichouse.foundation\/en\/our-team\/#primaryimage"},"thumbnailUrl":"https:\/\/cosmichouse.foundation\/wp-content\/uploads\/2024\/07\/Untitled-Project-5-1024x1024.jpg","datePublished":"2024-07-29T14:48:51+00:00","dateModified":"2024-07-30T10:33:46+00:00","breadcrumb":{"@id":"https:\/\/cosmichouse.foundation\/en\/our-team\/#breadcrumb"},"inLanguage":"en-US","potentialAction":[{"@type":"ReadAction","target":["https:\/\/cosmichouse.foundation\/en\/our-team\/"]}]},{"@type":"ImageObject","inLanguage":"en-US","@id":"https:\/\/cosmichouse.foundation\/en\/our-team\/#primaryimage","url":"https:\/\/cosmichouse.foundation\/wp-content\/uploads\/2024\/07\/Untitled-Project-5-1024x1024.jpg","contentUrl":"https:\/\/cosmichouse.foundation\/wp-content\/uploads\/2024\/07\/Untitled-Project-5-1024x1024.jpg"},{"@type":"BreadcrumbList","@id":"https:\/\/cosmichouse.foundation\/en\/our-team\/#breadcrumb","itemListElement":[{"@type":"ListItem","position":1,"name":"Prima pagin\u0103","item":"https:\/\/cosmichouse.foundation\/en\/"},{"@type":"ListItem","position":2,"name":"Our team"}]},{"@type":"WebSite","@id":"https:\/\/cosmichouse.foundation\/en\/#website","url":"https:\/\/cosmichouse.foundation\/en\/","name":"Cosmic House Foundation","description":"","publisher":{"@id":"https:\/\/cosmichouse.foundation\/en\/#organization"},"potentialAction":[{"@type":"SearchAction","target":{"@type":"EntryPoint","urlTemplate":"https:\/\/cosmichouse.foundation\/en\/?s={search_term_string}"},"query-input":{"@type":"PropertyValueSpecification","valueRequired":true,"valueName":"search_term_string"}}],"inLanguage":"en-US"},{"@type":"Organization","@id":"https:\/\/cosmichouse.foundation\/en\/#organization","name":"Cosmic House Foundation","url":"https:\/\/cosmichouse.foundation\/en\/","logo":{"@type":"ImageObject","inLanguage":"en-US","@id":"https:\/\/cosmichouse.foundation\/en\/#\/schema\/logo\/image\/","url":"https:\/\/cosmichouse.foundation\/wp-content\/uploads\/2023\/07\/ch_foundation.svg","contentUrl":"https:\/\/cosmichouse.foundation\/wp-content\/uploads\/2023\/07\/ch_foundation.svg","caption":"Cosmic House Foundation"},"image":{"@id":"https:\/\/cosmichouse.foundation\/en\/#\/schema\/logo\/image\/"}}]}},"_links":{"self":[{"href":"https:\/\/cosmichouse.foundation\/en\/wp-json\/wp\/v2\/pages\/6935","targetHints":{"allow":["GET"]}}],"collection":[{"href":"https:\/\/cosmichouse.foundation\/en\/wp-json\/wp\/v2\/pages"}],"about":[{"href":"https:\/\/cosmichouse.foundation\/en\/wp-json\/wp\/v2\/types\/page"}],"author":[{"embeddable":true,"href":"https:\/\/cosmichouse.foundation\/en\/wp-json\/wp\/v2\/users\/1"}],"replies":[{"embeddable":true,"href":"https:\/\/cosmichouse.foundation\/en\/wp-json\/wp\/v2\/comments?post=6935"}],"version-history":[{"count":2,"href":"https:\/\/cosmichouse.foundation\/en\/wp-json\/wp\/v2\/pages\/6935\/revisions"}],"predecessor-version":[{"id":6950,"href":"https:\/\/cosmichouse.foundation\/en\/wp-json\/wp\/v2\/pages\/6935\/revisions\/6950"}],"wp:attachment":[{"href":"https:\/\/cosmichouse.foundation\/en\/wp-json\/wp\/v2\/media?parent=6935"}],"curies":[{"name":"wp","href":"https:\/\/api.w.org\/{rel}","templated":true}]}}